{"id":46,"date":"2022-12-22T22:09:48","date_gmt":"2022-12-22T22:09:48","guid":{"rendered":"https:\/\/daresmasqueayudarac.org.mx\/?page_id=46"},"modified":"2026-03-07T00:55:39","modified_gmt":"2026-03-07T00:55:39","slug":"crea-tu-web-con-bloques","status":"publish","type":"page","link":"https:\/\/daresmasqueayudarac.org.mx\/","title":{"rendered":"Untitled"},"content":{"rendered":"\n<h2 class=\"wp-block-heading\">\u00bfQuienes Somos?<\/h2>\n\n\n\n<p>Somos una Asociaci\u00f3n Civil sin fines de lucro, creada para cubrir una funci\u00f3n vital en nuestra sociedad: Proporcionar servicios de calidad a toda aquella persona que necesite ayuda dentro del interior de la Rep\u00fablica Mexicana.<\/p>\n\n\n\n<p>Esto nos permite ofrecer talleres nutricionales, de desarrollo social y educativos, as\u00ed como eventos culturales, orientaci\u00f3n en justicia social y apoyo humano a poblaciones de escasos recursos de la Ciudad de M\u00e9xico y zona conurbada principalmente a ni\u00f1os, ancianos, madres solteras y enfermos que no cuentan con los recursos necesarios para cubrir sus necesidades b\u00e1sicas de subsistencia y sano desarrollo como lo estipula nuestro derecho a una vida digna.<\/p>\n\n\n\n<div class=\"wp-block-columns alignwide are-vertically-aligned-center is-style-twentytwentyone-columns-overlap is-layout-flex wp-container-core-columns-is-layout-1 wp-block-columns-is-layout-flex\">\n<div class=\"wp-block-column is-vertically-aligned-center is-layout-flow wp-block-column-is-layout-flow\">\n<figure class=\"wp-block-image alignfull size-large\"><img loading=\"lazy\" decoding=\"async\" width=\"1024\" height=\"307\" src=\"http:\/\/daresmasqueayudarac.org.mx\/wp-content\/uploads\/2022\/12\/Imagen-1-1024x307.png\" alt=\"\" class=\"wp-image-75\" srcset=\"https:\/\/daresmasqueayudarac.org.mx\/wp-content\/uploads\/2022\/12\/Imagen-1-1024x307.png 1024w, https:\/\/daresmasqueayudarac.org.mx\/wp-content\/uploads\/2022\/12\/Imagen-1-300x90.png 300w, https:\/\/daresmasqueayudarac.org.mx\/wp-content\/uploads\/2022\/12\/Imagen-1-768x230.png 768w, https:\/\/daresmasqueayudarac.org.mx\/wp-content\/uploads\/2022\/12\/Imagen-1-1536x460.png 1536w, https:\/\/daresmasqueayudarac.org.mx\/wp-content\/uploads\/2022\/12\/Imagen-1-2048x614.png 2048w, https:\/\/daresmasqueayudarac.org.mx\/wp-content\/uploads\/2022\/12\/Imagen-1-1568x470.png 1568w\" sizes=\"(max-width: 1024px) 100vw, 1024px\" \/><\/figure>\n\n\n\n<figure class=\"wp-block-image alignfull size-large is-style-twentytwentyone-image-frame\"><img loading=\"lazy\" decoding=\"async\" width=\"1024\" height=\"768\" src=\"http:\/\/daresmasqueayudarac.org.mx\/wp-content\/uploads\/2022\/12\/SAM_1729-1024x768.jpg\" alt=\"\" class=\"wp-image-80\" srcset=\"https:\/\/daresmasqueayudarac.org.mx\/wp-content\/uploads\/2022\/12\/SAM_1729-1024x768.jpg 1024w, https:\/\/daresmasqueayudarac.org.mx\/wp-content\/uploads\/2022\/12\/SAM_1729-300x225.jpg 300w, https:\/\/daresmasqueayudarac.org.mx\/wp-content\/uploads\/2022\/12\/SAM_1729-768x576.jpg 768w, https:\/\/daresmasqueayudarac.org.mx\/wp-content\/uploads\/2022\/12\/SAM_1729-1536x1152.jpg 1536w, https:\/\/daresmasqueayudarac.org.mx\/wp-content\/uploads\/2022\/12\/SAM_1729-2048x1536.jpg 2048w, https:\/\/daresmasqueayudarac.org.mx\/wp-content\/uploads\/2022\/12\/SAM_1729-1568x1176.jpg 1568w\" sizes=\"(max-width: 1024px) 100vw, 1024px\" \/><\/figure>\n<\/div>\n\n\n\n<div class=\"wp-block-column is-vertically-aligned-center is-layout-flow wp-block-column-is-layout-flow\">\n<figure class=\"wp-block-image size-large is-resized alignfull size-full is-style-twentytwentyone-border\"><img loading=\"lazy\" decoding=\"async\" src=\"http:\/\/daresmasqueayudarac.org.mx\/wp-content\/uploads\/2022\/12\/Imagen-2-1024x568.png\" alt=\"\" class=\"wp-image-77\" width=\"511\" height=\"284\" srcset=\"https:\/\/daresmasqueayudarac.org.mx\/wp-content\/uploads\/2022\/12\/Imagen-2-1024x568.png 1024w, https:\/\/daresmasqueayudarac.org.mx\/wp-content\/uploads\/2022\/12\/Imagen-2-300x167.png 300w, https:\/\/daresmasqueayudarac.org.mx\/wp-content\/uploads\/2022\/12\/Imagen-2-768x426.png 768w, https:\/\/daresmasqueayudarac.org.mx\/wp-content\/uploads\/2022\/12\/Imagen-2-1536x853.png 1536w, https:\/\/daresmasqueayudarac.org.mx\/wp-content\/uploads\/2022\/12\/Imagen-2-2048x1137.png 2048w, https:\/\/daresmasqueayudarac.org.mx\/wp-content\/uploads\/2022\/12\/Imagen-2-1568x870.png 1568w\" sizes=\"(max-width: 511px) 100vw, 511px\" \/><\/figure>\n<\/div>\n<\/div>\n\n\n\n<div class=\"wp-block-columns alignwide are-vertically-aligned-top is-layout-flex wp-container-core-columns-is-layout-2 wp-block-columns-is-layout-flex\">\n<div class=\"wp-block-column is-vertically-aligned-top is-layout-flow wp-block-column-is-layout-flow\">\n<h3 class=\"wp-block-heading\">Misi\u00f3n<\/h3>\n\n\n\n<p>Contribuir en la mejora de calidad de vida de las personas de escasos recursos en la Ciudad de M\u00e9xico, Estado de M\u00e9xico, Oaxaca y Veracruz.<\/p>\n<\/div>\n\n\n\n<div class=\"wp-block-column is-vertically-aligned-top is-layout-flow wp-block-column-is-layout-flow\">\n<h3 class=\"wp-block-heading\">Visi\u00f3n<\/h3>\n\n\n\n<p>Ser el instrumento de la sociedad m\u00e1s efectivo, confiable, profesional en la Republica Mexicana, contra el combate a la pobreza.<\/p>\n<\/div>\n<\/div>\n\n\n\n<p><\/p>\n","protected":false},"excerpt":{"rendered":"<p>\u00bfQuienes Somos? Somos una Asociaci\u00f3n Civil sin fines de lucro, creada para cubrir una funci\u00f3n vital en nuestra sociedad: Proporcionar servicios de calidad a toda aquella persona que necesite ayuda dentro del interior de la Rep\u00fablica Mexicana. Esto nos permite ofrecer talleres nutricionales, de desarrollo social y educativos, as\u00ed como eventos culturales, orientaci\u00f3n en justicia&hellip; <a class=\"more-link\" href=\"https:\/\/daresmasqueayudarac.org.mx\/\">Continue reading <span class=\"screen-reader-text\">Untitled<\/span><\/a><\/p>\n","protected":false},"author":1,"featured_media":0,"parent":0,"menu_order":0,"comment_status":"closed","ping_status":"closed","template":"","meta":{"om_disable_all_campaigns":false,"_mi_skip_tracking":false,"footnotes":""},"aioseo_notices":[],"yoast_head":"<!-- This site is optimized with the Yoast SEO plugin v20.1 - https:\/\/yoast.com\/wordpress\/plugins\/seo\/ -->\n<title>- Dar Es Mas Que Ayudar A.C.<\/title>\n<meta name=\"description\" content=\"Somos una Asociaci\u00f3n Civil sin fines de lucro, creada para cubrir una funci\u00f3n vital en nuestra sociedad: Proporcionar servicios de calidad\" \/>\n<meta name=\"robots\" content=\"index, follow, max-snippet:-1, max-image-preview:large, max-video-preview:-1\" \/>\n<link rel=\"canonical\" href=\"https:\/\/daresmasqueayudarac.org.mx\/\" \/>\n<meta property=\"og:locale\" content=\"en_US\" \/>\n<meta property=\"og:type\" content=\"article\" \/>\n<meta property=\"og:title\" content=\"- Dar Es Mas Que Ayudar A.C.\" \/>\n<meta property=\"og:description\" content=\"Somos una Asociaci\u00f3n Civil sin fines de lucro, creada para cubrir una funci\u00f3n vital en nuestra sociedad: Proporcionar servicios de calidad\" \/>\n<meta property=\"og:url\" content=\"https:\/\/daresmasqueayudarac.org.mx\/\" \/>\n<meta property=\"og:site_name\" content=\"Dar Es Mas Que Ayudar A.C.\" \/>\n<meta property=\"article:modified_time\" content=\"2026-03-07T00:55:39+00:00\" \/>\n<meta property=\"og:image\" content=\"http:\/\/daresmasqueayudarac.org.mx\/wp-content\/uploads\/2022\/12\/Imagen-1-1024x307.png\" \/>\n<meta name=\"twitter:card\" content=\"summary_large_image\" \/>\n<meta name=\"twitter:label1\" content=\"Est. reading time\" \/>\n\t<meta name=\"twitter:data1\" content=\"2 minutes\" \/>\n<script type=\"application\/ld+json\" class=\"yoast-schema-graph\">{\"@context\":\"https:\/\/schema.org\",\"@graph\":[{\"@type\":\"WebPage\",\"@id\":\"https:\/\/daresmasqueayudarac.org.mx\/\",\"url\":\"https:\/\/daresmasqueayudarac.org.mx\/\",\"name\":\"- Dar Es Mas Que Ayudar A.C.\",\"isPartOf\":{\"@id\":\"https:\/\/daresmasqueayudarac.org.mx\/#website\"},\"datePublished\":\"2022-12-22T22:09:48+00:00\",\"dateModified\":\"2026-03-07T00:55:39+00:00\",\"description\":\"Somos una Asociaci\u00f3n Civil sin fines de lucro, creada para cubrir una funci\u00f3n vital en nuestra sociedad: Proporcionar servicios de calidad\",\"breadcrumb\":{\"@id\":\"https:\/\/daresmasqueayudarac.org.mx\/#breadcrumb\"},\"inLanguage\":\"en-US\",\"potentialAction\":[{\"@type\":\"ReadAction\",\"target\":[\"https:\/\/daresmasqueayudarac.org.mx\/\"]}]},{\"@type\":\"BreadcrumbList\",\"@id\":\"https:\/\/daresmasqueayudarac.org.mx\/#breadcrumb\",\"itemListElement\":[{\"@type\":\"ListItem\",\"position\":1,\"name\":\"Portada\",\"item\":\"https:\/\/daresmasqueayudarac.org.mx\/\"},{\"@type\":\"ListItem\",\"position\":2,\"name\":\"Sin t\u00edtulo\"}]},{\"@type\":\"WebSite\",\"@id\":\"https:\/\/daresmasqueayudarac.org.mx\/#website\",\"url\":\"https:\/\/daresmasqueayudarac.org.mx\/\",\"name\":\"Dar Es Mas Que Ayudar A.C.\",\"description\":\"\",\"publisher\":{\"@id\":\"https:\/\/daresmasqueayudarac.org.mx\/#organization\"},\"potentialAction\":[{\"@type\":\"SearchAction\",\"target\":{\"@type\":\"EntryPoint\",\"urlTemplate\":\"https:\/\/daresmasqueayudarac.org.mx\/?s={search_term_string}\"},\"query-input\":\"required name=search_term_string\"}],\"inLanguage\":\"en-US\"},{\"@type\":\"Organization\",\"@id\":\"https:\/\/daresmasqueayudarac.org.mx\/#organization\",\"name\":\"Dar Es Mas Que Ayudar A.C.\",\"url\":\"https:\/\/daresmasqueayudarac.org.mx\/\",\"logo\":{\"@type\":\"ImageObject\",\"inLanguage\":\"en-US\",\"@id\":\"https:\/\/daresmasqueayudarac.org.mx\/#\/schema\/logo\/image\/\",\"url\":\"https:\/\/daresmasqueayudarac.org.mx\/wp-content\/uploads\/2022\/12\/cropped-cropped-cropped-Dar.png\",\"contentUrl\":\"https:\/\/daresmasqueayudarac.org.mx\/wp-content\/uploads\/2022\/12\/cropped-cropped-cropped-Dar.png\",\"width\":994,\"height\":450,\"caption\":\"Dar Es Mas Que Ayudar A.C.\"},\"image\":{\"@id\":\"https:\/\/daresmasqueayudarac.org.mx\/#\/schema\/logo\/image\/\"}}]}<\/script>\n<!-- \/ Yoast SEO plugin. -->","yoast_head_json":{"title":"- Dar Es Mas Que Ayudar A.C.","description":"Somos una Asociaci\u00f3n Civil sin fines de lucro, creada para cubrir una funci\u00f3n vital en nuestra sociedad: Proporcionar servicios de calidad","robots":{"index":"index","follow":"follow","max-snippet":"max-snippet:-1","max-image-preview":"max-image-preview:large","max-video-preview":"max-video-preview:-1"},"canonical":"https:\/\/daresmasqueayudarac.org.mx\/","og_locale":"en_US","og_type":"article","og_title":"- Dar Es Mas Que Ayudar A.C.","og_description":"Somos una Asociaci\u00f3n Civil sin fines de lucro, creada para cubrir una funci\u00f3n vital en nuestra sociedad: Proporcionar servicios de calidad","og_url":"https:\/\/daresmasqueayudarac.org.mx\/","og_site_name":"Dar Es Mas Que Ayudar A.C.","article_modified_time":"2026-03-07T00:55:39+00:00","og_image":[{"url":"http:\/\/daresmasqueayudarac.org.mx\/wp-content\/uploads\/2022\/12\/Imagen-1-1024x307.png"}],"twitter_card":"summary_large_image","twitter_misc":{"Est. reading time":"2 minutes"},"schema":{"@context":"https:\/\/schema.org","@graph":[{"@type":"WebPage","@id":"https:\/\/daresmasqueayudarac.org.mx\/","url":"https:\/\/daresmasqueayudarac.org.mx\/","name":"- Dar Es Mas Que Ayudar A.C.","isPartOf":{"@id":"https:\/\/daresmasqueayudarac.org.mx\/#website"},"datePublished":"2022-12-22T22:09:48+00:00","dateModified":"2026-03-07T00:55:39+00:00","description":"Somos una Asociaci\u00f3n Civil sin fines de lucro, creada para cubrir una funci\u00f3n vital en nuestra sociedad: Proporcionar servicios de calidad","breadcrumb":{"@id":"https:\/\/daresmasqueayudarac.org.mx\/#breadcrumb"},"inLanguage":"en-US","potentialAction":[{"@type":"ReadAction","target":["https:\/\/daresmasqueayudarac.org.mx\/"]}]},{"@type":"BreadcrumbList","@id":"https:\/\/daresmasqueayudarac.org.mx\/#breadcrumb","itemListElement":[{"@type":"ListItem","position":1,"name":"Portada","item":"https:\/\/daresmasqueayudarac.org.mx\/"},{"@type":"ListItem","position":2,"name":"Sin t\u00edtulo"}]},{"@type":"WebSite","@id":"https:\/\/daresmasqueayudarac.org.mx\/#website","url":"https:\/\/daresmasqueayudarac.org.mx\/","name":"Dar Es Mas Que Ayudar A.C.","description":"","publisher":{"@id":"https:\/\/daresmasqueayudarac.org.mx\/#organization"},"potentialAction":[{"@type":"SearchAction","target":{"@type":"EntryPoint","urlTemplate":"https:\/\/daresmasqueayudarac.org.mx\/?s={search_term_string}"},"query-input":"required name=search_term_string"}],"inLanguage":"en-US"},{"@type":"Organization","@id":"https:\/\/daresmasqueayudarac.org.mx\/#organization","name":"Dar Es Mas Que Ayudar A.C.","url":"https:\/\/daresmasqueayudarac.org.mx\/","logo":{"@type":"ImageObject","inLanguage":"en-US","@id":"https:\/\/daresmasqueayudarac.org.mx\/#\/schema\/logo\/image\/","url":"https:\/\/daresmasqueayudarac.org.mx\/wp-content\/uploads\/2022\/12\/cropped-cropped-cropped-Dar.png","contentUrl":"https:\/\/daresmasqueayudarac.org.mx\/wp-content\/uploads\/2022\/12\/cropped-cropped-cropped-Dar.png","width":994,"height":450,"caption":"Dar Es Mas Que Ayudar A.C."},"image":{"@id":"https:\/\/daresmasqueayudarac.org.mx\/#\/schema\/logo\/image\/"}}]}},"_links":{"self":[{"href":"https:\/\/daresmasqueayudarac.org.mx\/index.php\/wp-json\/wp\/v2\/pages\/46"}],"collection":[{"href":"https:\/\/daresmasqueayudarac.org.mx\/index.php\/wp-json\/wp\/v2\/pages"}],"about":[{"href":"https:\/\/daresmasqueayudarac.org.mx\/index.php\/wp-json\/wp\/v2\/types\/page"}],"author":[{"embeddable":true,"href":"https:\/\/daresmasqueayudarac.org.mx\/index.php\/wp-json\/wp\/v2\/users\/1"}],"replies":[{"embeddable":true,"href":"https:\/\/daresmasqueayudarac.org.mx\/index.php\/wp-json\/wp\/v2\/comments?post=46"}],"version-history":[{"count":10,"href":"https:\/\/daresmasqueayudarac.org.mx\/index.php\/wp-json\/wp\/v2\/pages\/46\/revisions"}],"predecessor-version":[{"id":126,"href":"https:\/\/daresmasqueayudarac.org.mx\/index.php\/wp-json\/wp\/v2\/pages\/46\/revisions\/126"}],"wp:attachment":[{"href":"https:\/\/daresmasqueayudarac.org.mx\/index.php\/wp-json\/wp\/v2\/media?parent=46"}],"curies":[{"name":"wp","href":"https:\/\/api.w.org\/{rel}","templated":true}]}}